{"id":10,"date":"2021-03-26T15:00:05","date_gmt":"2021-03-26T14:00:05","guid":{"rendered":"http:\/\/nightromance.evatheme.com\/demo\/?page_id=7"},"modified":"2022-02-10T18:00:38","modified_gmt":"2022-02-10T17:00:38","slug":"accueil","status":"publish","type":"page","link":"https:\/\/www.julienetvous.be\/","title":{"rendered":"Accueil"},"content":{"rendered":"<p>[vc_row][vc_column]\n\t\t\t<!-- START Home Slider 02 JV REVOLUTION SLIDER 6.4.1 --><p class=\"rs-p-wp-fix\"><\/p>\n\t\t\t<rs-module-wrap id=\"rev_slider_9_1_wrapper\" data-source=\"gallery\" style=\"background:transparent;padding:0;\">\n\t\t\t\t<rs-module id=\"rev_slider_9_1\" style=\"\" data-version=\"6.4.1\">\n\t\t\t\t\t<rs-slides>\n\t\t\t\t\t\t<rs-slide data-key=\"rs-10\" data-title=\"Slide\" data-anim=\"ms:300;\" data-in=\"o:0;\" data-out=\"a:false;\">\n\t\t\t\t\t\t\t<img loading=\"lazy\" decoding=\"async\" src=\"\/\/www.julienetvous.be\/wp-content\/uploads\/2021\/03\/slider_salmon_2-scaled.jpg\" title=\"slider_salmon_2\" width=\"2560\" height=\"1506\" data-parallax=\"off\" data-panzoom=\"d:10000;ss:100;se:120%;\" class=\"rev-slidebg\" data-no-retina>\n<!--\n\t\t\t\t\t\t\t--><rs-layer\n\t\t\t\t\t\t\t\tid=\"slider-9-slide-10-layer-1\" \n\t\t\t\t\t\t\t\tdata-type=\"image\"\n\t\t\t\t\t\t\t\tdata-rsp_ch=\"on\"\n\t\t\t\t\t\t\t\tdata-xy=\"x:l,l,c,c;xo:261px,215px,0,0;yo:142px,117px,88px,80px;\"\n\t\t\t\t\t\t\t\tdata-text=\"w:normal;s:20,16,12,7;l:0,20,15,9;\"\n\t\t\t\t\t\t\t\tdata-dim=\"w:750px,619px,654px,459px;h:396px,327px,346px,243px;\"\n\t\t\t\t\t\t\t\tdata-frame_1=\"st:500;sp:2000;sR:500;\"\n\t\t\t\t\t\t\t\tdata-frame_999=\"o:0;st:w;sR:6500;\"\n\t\t\t\t\t\t\t\tstyle=\"z-index:13;\"\n\t\t\t\t\t\t\t><img loading=\"lazy\" decoding=\"async\" src=\"\/\/www.julienetvous.be\/wp-content\/uploads\/2021\/03\/logo_homepage_750.png\" width=\"751\" height=\"397\" data-no-retina> \n\t\t\t\t\t\t\t<\/rs-layer><!--\n\n\t\t\t\t\t\t\t--><a\n\t\t\t\t\t\t\t\tid=\"slider-9-slide-10-layer-3\" \n\t\t\t\t\t\t\t\tclass=\"rs-layer rev-btn\"\n\t\t\t\t\t\t\t\thref=\"\/wp-content\/uploads\/2021\/03\/Julien-Vous-Menu.pdf\" target=\"_blank\" rel=\"noopener\"\n\t\t\t\t\t\t\t\tdata-type=\"button\"\n\t\t\t\t\t\t\t\tdata-rsp_ch=\"on\"\n\t\t\t\t\t\t\t\tdata-xy=\"x:c;xo:3px,2px,5px,-7px;y:m;yo:152px,125px,90px,122px;\"\n\t\t\t\t\t\t\t\tdata-text=\"w:normal;s:22,18,19,18;l:65,53,68,69;ls:5,4,3px,0px;fw:500;a:center;\"\n\t\t\t\t\t\t\t\tdata-dim=\"minh:0,none,none,none;\"\n\t\t\t\t\t\t\t\tdata-padding=\"t:8,7,8,9;r:45,37,52,55;b:8,7,8,9;l:45,37,52,55;\"\n\t\t\t\t\t\t\t\tdata-border=\"bos:solid;boc:#ffffff;bow:1px,1px,1px,1px;\"\n\t\t\t\t\t\t\t\tdata-frame_1=\"st:2510;sR:2510;\"\n\t\t\t\t\t\t\t\tdata-frame_999=\"o:0;st:w;sR:6190;\"\n\t\t\t\t\t\t\t\tdata-frame_hover=\"bgc:#000;boc:#000;bor:0px,0px,0px,0px;bos:solid;bow:1px,1px,1px,1px;e:power1.inOut;\"\n\t\t\t\t\t\t\t\tstyle=\"z-index:10;background-color:rgba(0,0,0,0);font-family:Alegreya;\"\n\t\t\t\t\t\t\t>MENU \n\t\t\t\t\t\t\t<\/a><!--\n-->\t\t\t\t\t\t<\/rs-slide>\n\t\t\t\t\t<\/rs-slides>\n\t\t\t\t<\/rs-module>\n\t\t\t\t<script type=\"text\/javascript\">\n\t\t\t\t\tsetREVStartSize({c: 'rev_slider_9_1',rl:[1240,1024,778,480],el:[900,768,960,720],gw:[1240,1024,778,480],gh:[900,768,960,720],type:'standard',justify:'',layout:'fullscreen',offsetContainer:'',offset:'',mh:\"0\"});\n\t\t\t\t\tvar\trevapi9,\n\t\t\t\t\t\ttpj;\n\t\t\t\t\tfunction revinit_revslider91() {\n\t\t\t\t\tjQuery(function() {\n\t\t\t\t\t\ttpj = jQuery;\n\t\t\t\t\t\trevapi9 = tpj(\"#rev_slider_9_1\");\n\t\t\t\t\t\tif(revapi9==undefined || revapi9.revolution == undefined){\n\t\t\t\t\t\t\trevslider_showDoubleJqueryError(\"rev_slider_9_1\");\n\t\t\t\t\t\t}else{\n\t\t\t\t\t\t\trevapi9.revolution({\n\t\t\t\t\t\t\t\tsliderLayout:\"fullscreen\",\n\t\t\t\t\t\t\t\tvisibilityLevels:\"1240,1024,778,480\",\n\t\t\t\t\t\t\t\tgridwidth:\"1240,1024,778,480\",\n\t\t\t\t\t\t\t\tgridheight:\"900,768,960,720\",\n\t\t\t\t\t\t\t\tspinner:\"spinner6\",\n\t\t\t\t\t\t\t\tperspective:600,\n\t\t\t\t\t\t\t\tperspectiveType:\"local\",\n\t\t\t\t\t\t\t\teditorheight:\"900,768,960,720\",\n\t\t\t\t\t\t\t\tresponsiveLevels:\"1240,1024,778,480\",\n\t\t\t\t\t\t\t\tprogressBar:{disableProgressBar:true},\n\t\t\t\t\t\t\t\tnavigation: {\n\t\t\t\t\t\t\t\t\tonHoverStop:false\n\t\t\t\t\t\t\t\t},\n\t\t\t\t\t\t\t\tparallax: {\n\t\t\t\t\t\t\t\t\tlevels:[5,10,15,20,25,30,35,40,45,46,47,48,49,50,51,30],\n\t\t\t\t\t\t\t\t\ttype:\"scroll\",\n\t\t\t\t\t\t\t\t\torigo:\"slideCenter\",\n\t\t\t\t\t\t\t\t\tspeed:0\n\t\t\t\t\t\t\t\t},\n\t\t\t\t\t\t\t\tfallbacks: {\n\t\t\t\t\t\t\t\t\tallowHTML5AutoPlayOnAndroid:true\n\t\t\t\t\t\t\t\t},\n\t\t\t\t\t\t\t});\n\t\t\t\t\t\t}\n\t\t\t\t\t\t\n\t\t\t\t\t});\n\t\t\t\t\t} \/\/ End of RevInitScript\n\t\t\t\tvar once_revslider91 = false;\n\t\t\t\tif (document.readyState === \"loading\") {document.addEventListener('readystatechange',function() { if((document.readyState === \"interactive\" || document.readyState === \"complete\") && !once_revslider91 ) { once_revslider91 = true; revinit_revslider91();}});} else {once_revslider91 = true; revinit_revslider91();}\n\t\t\t\t<\/script>\n\t\t\t<\/rs-module-wrap>\n\t\t\t<!-- END REVOLUTION SLIDER -->\n[\/vc_column][\/vc_row][vc_row bg_type=&#8221;image&#8221; parallax_style=&#8221;vcpb-vz-jquery&#8221; bg_image_new=&#8221;id^140|url^http:\/\/nightromance.evatheme.com\/demo\/wp-content\/uploads\/2019\/09\/slider-bg-10.jpg|caption^null|alt^null|title^slider-bg-10|description^null&#8221; bg_img_attach=&#8221;fixed&#8221; parallax_sense=&#8221;0&#8243; bg_override=&#8221;full&#8221; css=&#8221;.vc_custom_1570664824591{margin-top: 0px !important;margin-bottom: 0px !important;padding-top: 10% !important;padding-bottom: 0px !important;}&#8221;][vc_column width=&#8221;1\/6&#8243;][\/vc_column][vc_column width=&#8221;2\/3&#8243;]<div id=\"ultimate-heading-729069d6b5ce226b8\" class=\"uvc-heading ult-adjust-bottom-margin ultimate-heading-729069d6b5ce226b8 uvc-4826 \" data-hspacer=\"no_spacer\"  data-halign=\"center\" style=\"text-align:center\"><div class=\"uvc-heading-spacer no_spacer\" style=\"top\"><\/div><div class=\"uvc-main-heading ult-responsive\"  data-ultimate-target='.uvc-heading.ultimate-heading-729069d6b5ce226b8 h2'  data-responsive-json-new='{\"font-size\":\"desktop:72px;\",\"line-height\":\"desktop:72px;\"}' ><h2 style=\"font-family:&#039;Alegreya&#039;;font-weight:normal;font-style:normal;color:#ffffff;margin-top:0px;margin-bottom:10px;\">Commande<\/h2><\/div><\/div>[vc_separator color=&#8221;custom&#8221; accent_color=&#8221;rgba(255,255,255,0.2)&#8221; css=&#8221;.vc_custom_1570662344379{margin-top: 0px !important;margin-bottom: 0px !important;padding-top: 50px !important;padding-bottom: 50px !important;}&#8221;][vc_column_text css_animation=&#8221;none&#8221; css=&#8221;.vc_custom_1617203726023{margin-top: 0px !important;margin-bottom: 0px !important;padding-top: 0px !important;padding-bottom: 50px !important;}&#8221;]<\/p>\n<div style=\"color: #ffffff;\">\n<ul class=\"order\">\n<li>Vous pouvez commander en appelant au 0455\/10.17.84 ou en envoyer un email \u00e0 <a href=\"mailto:julien@julienetvous.be\">julien@julienetvous.be<\/a><\/li>\n<li>Merci de passer commande au plus tard la veille.<\/li>\n<li>Merci \u00e9galement de pr\u00e9ciser si vous souhaitez enlever chaud ou froid et de pr\u00e9ciser l&#8217;heure d\u2019enl\u00e8vement.<\/li>\n<li>Dans un souci d&#8217;\u00e9cologie, vous pouvez apporter vos contenants.<\/li>\n<li>Tous les plats sont servis de mani\u00e8re familiale et non pas individuelle<\/li>\n<\/ul>\n<\/div>\n<p>[\/vc_column_text][\/vc_column][vc_column width=&#8221;1\/6&#8243;][\/vc_column][\/vc_row][vc_row bg_type=&#8221;image&#8221; parallax_style=&#8221;vcpb-vz-jquery&#8221; bg_image_new=&#8221;id^140|url^http:\/\/nightromance.evatheme.com\/demo\/wp-content\/uploads\/2019\/09\/slider-bg-10.jpg|caption^null|alt^null|title^slider-bg-10|description^null&#8221; bg_img_attach=&#8221;fixed&#8221; parallax_sense=&#8221;0&#8243; bg_override=&#8221;full&#8221; css=&#8221;.vc_custom_1570664824591{margin-top: 0px !important;margin-bottom: 0px !important;padding-top: 10% !important;padding-bottom: 0px !important;}&#8221;][vc_column width=&#8221;1\/6&#8243;][\/vc_column][vc_column width=&#8221;2\/3&#8243;]<div id=\"ultimate-heading-87169d6b5ce226f4\" class=\"uvc-heading ult-adjust-bottom-margin ultimate-heading-87169d6b5ce226f4 uvc-7989 \" data-hspacer=\"no_spacer\"  data-halign=\"center\" style=\"text-align:center\"><div class=\"uvc-heading-spacer no_spacer\" style=\"top\"><\/div><div class=\"uvc-main-heading ult-responsive\"  data-ultimate-target='.uvc-heading.ultimate-heading-87169d6b5ce226f4 h2'  data-responsive-json-new='{\"font-size\":\"desktop:72px;\",\"line-height\":\"desktop:72px;\"}' ><h2 style=\"font-family:&#039;Alegreya&#039;;font-weight:normal;font-style:normal;color:#ffffff;margin-top:0px;margin-bottom:10px;\">Ev\u00e9nement<\/h2><\/div><\/div>[vc_separator color=&#8221;custom&#8221; accent_color=&#8221;rgba(255,255,255,0.2)&#8221; css=&#8221;.vc_custom_1570662344379{margin-top: 0px !important;margin-bottom: 0px !important;padding-top: 50px !important;padding-bottom: 50px !important;}&#8221;][vc_column_text css_animation=&#8221;none&#8221; css=&#8221;.vc_custom_1616853003334{margin-top: 0px !important;margin-bottom: 0px !important;padding-top: 0px !important;padding-bottom: 50px !important;}&#8221;]<\/p>\n<div style=\"color: #ffffff;\">Vous organisez un d\u00eener en famille ou entre amis, un anniversaire, une r\u00e9union\u00a0?<br \/>\nJe peux vous proposer une formule sur mesure en fonction de vos envies (repas assis, buffet, walking dinner, &#8230;).<br \/>\nDe 2 \u00e0 40 personnes.<br \/>\nN&#8217;h\u00e9sitez pas \u00e0 me contacter pour en discuter.<\/div>\n<p>[\/vc_column_text][\/vc_column][vc_column width=&#8221;1\/6&#8243;][\/vc_column][\/vc_row][vc_row bg_type=&#8221;image&#8221; parallax_style=&#8221;vcpb-vz-jquery&#8221; bg_image_new=&#8221;id^140|url^http:\/\/nightromance.evatheme.com\/demo\/wp-content\/uploads\/2019\/09\/slider-bg-10.jpg|caption^null|alt^null|title^slider-bg-10|description^null&#8221; bg_img_attach=&#8221;fixed&#8221; parallax_sense=&#8221;0&#8243; bg_override=&#8221;full&#8221; css=&#8221;.vc_custom_1570664824591{margin-top: 0px !important;margin-bottom: 0px !important;padding-top: 10% !important;padding-bottom: 0px !important;}&#8221;][vc_column width=&#8221;1\/6&#8243;][\/vc_column][vc_column width=&#8221;2\/3&#8243;]<div id=\"ultimate-heading-205269d6b5ce22713\" class=\"uvc-heading ult-adjust-bottom-margin ultimate-heading-205269d6b5ce22713 uvc-1921 \" data-hspacer=\"no_spacer\"  data-halign=\"center\" style=\"text-align:center\"><div class=\"uvc-heading-spacer no_spacer\" style=\"top\"><\/div><div class=\"uvc-main-heading ult-responsive\"  data-ultimate-target='.uvc-heading.ultimate-heading-205269d6b5ce22713 h2'  data-responsive-json-new='{\"font-size\":\"desktop:72px;\",\"line-height\":\"desktop:72px;\"}' ><h2 style=\"font-family:&#039;Alegreya&#039;;font-weight:normal;font-style:normal;color:#ffffff;margin-top:0px;margin-bottom:10px;\">Photos<\/h2><\/div><\/div>[vc_separator color=&#8221;custom&#8221; accent_color=&#8221;rgba(255,255,255,0.2)&#8221; css=&#8221;.vc_custom_1570662344379{margin-top: 0px !important;margin-bottom: 0px !important;padding-top: 50px !important;padding-bottom: 50px !important;}&#8221;][\/vc_column][vc_column width=&#8221;1\/6&#8243;][\/vc_column][\/vc_row][vc_row][vc_column][vc_raw_html]JTVCaW5zdGFncmFtLWZlZWQlMjBmZWVkJTNEMiU1RA==[\/vc_raw_html][\/vc_column][\/vc_row]<\/p>\n","protected":false},"excerpt":{"rendered":"<p>[vc_row][vc_column][\/vc_column][\/vc_row][vc_row bg_type=&#8221;image&#8221; parallax_style=&#8221;vcpb-vz-jquery&#8221; bg_image_new=&#8221;id^140|url^http:\/\/nightromance.evatheme.com\/demo\/wp-content\/uploads\/2019\/09\/slider-bg-10.jpg|caption^null|alt^null|title^slider-bg-10|description^null&#8221; bg_img_attach=&#8221;fixed&#8221; parallax_sense=&#8221;0&#8243; bg_override=&#8221;full&#8221; css=&#8221;.vc_custom_1570664824591{margin-top: 0px !important;margin-bottom: 0px !important;padding-top: 10% !important;padding-bottom: 0px !important;}&#8221;][vc_column width=&#8221;1\/6&#8243;][\/vc_column][vc_column width=&#8221;2\/3&#8243;][vc_separator color=&#8221;custom&#8221; accent_color=&#8221;rgba(255,255,255,0.2)&#8221; css=&#8221;.vc_custom_1570662344379{margin-top: 0px !important;margin-bottom: 0px !important;padding-top: 50px !important;padding-bottom: 50px !important;}&#8221;][vc_column_text css_animation=&#8221;none&#8221; css=&#8221;.vc_custom_1617203726023{margin-top: 0px !important;margin-bottom: 0px !important;padding-top: 0px !important;padding-bottom: 50px !important;}&#8221;] Vous pouvez commander en appelant au 0455\/10.17.84 ou en envoyer un email \u00e0 julien@julienetvous.be Merci de [&hellip;]<\/p>\n","protected":false},"author":2,"featured_media":0,"parent":0,"menu_order":0,"comment_status":"closed","ping_status":"closed","template":"","meta":{"inline_featured_image":false,"footnotes":""},"class_list":["post-10","page","type-page","status-publish","hentry"],"yoast_head":"<!-- This site is optimized with the Yoast SEO plugin v27.3 - https:\/\/yoast.com\/product\/yoast-seo-wordpress\/ -->\n<title>Accueil - Julien &amp; Vous<\/title>\n<meta name=\"description\" content=\"Julien &amp; Vous, cuisine de qualit\u00e9. Traiteur et commande \u00e0 emporter sur Waterloo et sa p\u00e9riph\u00e9rie. Contactez-moi par t\u00e9l\u00e9phone ou par email.\" \/>\n<meta name=\"robots\" content=\"index, follow, max-snippet:-1, max-image-preview:large, max-video-preview:-1\" \/>\n<link rel=\"canonical\" href=\"https:\/\/www.julienetvous.be\/\" \/>\n<meta property=\"og:locale\" content=\"fr_FR\" \/>\n<meta property=\"og:type\" content=\"article\" \/>\n<meta property=\"og:title\" content=\"Accueil - Julien &amp; Vous\" \/>\n<meta property=\"og:description\" content=\"Julien &amp; Vous, cuisine de qualit\u00e9. Traiteur et commande \u00e0 emporter sur Waterloo et sa p\u00e9riph\u00e9rie. Contactez-moi par t\u00e9l\u00e9phone ou par email.\" \/>\n<meta property=\"og:url\" content=\"https:\/\/www.julienetvous.be\/\" \/>\n<meta property=\"og:site_name\" content=\"Julien &amp; Vous\" \/>\n<meta property=\"article:publisher\" content=\"https:\/\/www.facebook.com\/julienetvous.be\" \/>\n<meta property=\"article:modified_time\" content=\"2022-02-10T17:00:38+00:00\" \/>\n<meta name=\"twitter:card\" content=\"summary_large_image\" \/>\n<meta name=\"twitter:label1\" content=\"Dur\u00e9e de lecture estim\u00e9e\" \/>\n\t<meta name=\"twitter:data1\" content=\"2 minutes\" \/>\n<script type=\"application\/ld+json\" class=\"yoast-schema-graph\">{\"@context\":\"https:\\\/\\\/schema.org\",\"@graph\":[{\"@type\":\"WebPage\",\"@id\":\"https:\\\/\\\/www.julienetvous.be\\\/\",\"url\":\"https:\\\/\\\/www.julienetvous.be\\\/\",\"name\":\"Accueil - Julien &amp; Vous\",\"isPartOf\":{\"@id\":\"https:\\\/\\\/www.julienetvous.be\\\/#website\"},\"datePublished\":\"2021-03-26T14:00:05+00:00\",\"dateModified\":\"2022-02-10T17:00:38+00:00\",\"description\":\"Julien & Vous, cuisine de qualit\u00e9. Traiteur et commande \u00e0 emporter sur Waterloo et sa p\u00e9riph\u00e9rie. Contactez-moi par t\u00e9l\u00e9phone ou par email.\",\"breadcrumb\":{\"@id\":\"https:\\\/\\\/www.julienetvous.be\\\/#breadcrumb\"},\"inLanguage\":\"fr-FR\",\"potentialAction\":[{\"@type\":\"ReadAction\",\"target\":[\"https:\\\/\\\/www.julienetvous.be\\\/\"]}]},{\"@type\":\"BreadcrumbList\",\"@id\":\"https:\\\/\\\/www.julienetvous.be\\\/#breadcrumb\",\"itemListElement\":[{\"@type\":\"ListItem\",\"position\":1,\"name\":\"Home\",\"item\":\"https:\\\/\\\/www.julienetvous.be\\\/\"},{\"@type\":\"ListItem\",\"position\":2,\"name\":\"Accueil\"}]},{\"@type\":\"WebSite\",\"@id\":\"https:\\\/\\\/www.julienetvous.be\\\/#website\",\"url\":\"https:\\\/\\\/www.julienetvous.be\\\/\",\"name\":\"Julien & Vous\",\"description\":\"Une cuisine de qualit\u00e9\",\"publisher\":{\"@id\":\"https:\\\/\\\/www.julienetvous.be\\\/#organization\"},\"potentialAction\":[{\"@type\":\"SearchAction\",\"target\":{\"@type\":\"EntryPoint\",\"urlTemplate\":\"https:\\\/\\\/www.julienetvous.be\\\/?s={search_term_string}\"},\"query-input\":{\"@type\":\"PropertyValueSpecification\",\"valueRequired\":true,\"valueName\":\"search_term_string\"}}],\"inLanguage\":\"fr-FR\"},{\"@type\":\"Organization\",\"@id\":\"https:\\\/\\\/www.julienetvous.be\\\/#organization\",\"name\":\"Julien & Vous\",\"url\":\"https:\\\/\\\/www.julienetvous.be\\\/\",\"logo\":{\"@type\":\"ImageObject\",\"inLanguage\":\"fr-FR\",\"@id\":\"https:\\\/\\\/www.julienetvous.be\\\/#\\\/schema\\\/logo\\\/image\\\/\",\"url\":\"https:\\\/\\\/www.julienetvous.be\\\/wp-content\\\/uploads\\\/2021\\\/03\\\/logo_julienetvous_Background_Black_V1.png\",\"contentUrl\":\"https:\\\/\\\/www.julienetvous.be\\\/wp-content\\\/uploads\\\/2021\\\/03\\\/logo_julienetvous_Background_Black_V1.png\",\"width\":401,\"height\":401,\"caption\":\"Julien & Vous\"},\"image\":{\"@id\":\"https:\\\/\\\/www.julienetvous.be\\\/#\\\/schema\\\/logo\\\/image\\\/\"},\"sameAs\":[\"https:\\\/\\\/www.facebook.com\\\/julienetvous.be\",\"https:\\\/\\\/www.instagram.com\\\/julienetvous\\\/\"]}]}<\/script>\n<!-- \/ Yoast SEO plugin. -->","yoast_head_json":{"title":"Accueil - Julien &amp; Vous","description":"Julien & Vous, cuisine de qualit\u00e9. Traiteur et commande \u00e0 emporter sur Waterloo et sa p\u00e9riph\u00e9rie. Contactez-moi par t\u00e9l\u00e9phone ou par email.","robots":{"index":"index","follow":"follow","max-snippet":"max-snippet:-1","max-image-preview":"max-image-preview:large","max-video-preview":"max-video-preview:-1"},"canonical":"https:\/\/www.julienetvous.be\/","og_locale":"fr_FR","og_type":"article","og_title":"Accueil - Julien &amp; Vous","og_description":"Julien & Vous, cuisine de qualit\u00e9. Traiteur et commande \u00e0 emporter sur Waterloo et sa p\u00e9riph\u00e9rie. Contactez-moi par t\u00e9l\u00e9phone ou par email.","og_url":"https:\/\/www.julienetvous.be\/","og_site_name":"Julien &amp; Vous","article_publisher":"https:\/\/www.facebook.com\/julienetvous.be","article_modified_time":"2022-02-10T17:00:38+00:00","twitter_card":"summary_large_image","twitter_misc":{"Dur\u00e9e de lecture estim\u00e9e":"2 minutes"},"schema":{"@context":"https:\/\/schema.org","@graph":[{"@type":"WebPage","@id":"https:\/\/www.julienetvous.be\/","url":"https:\/\/www.julienetvous.be\/","name":"Accueil - Julien &amp; Vous","isPartOf":{"@id":"https:\/\/www.julienetvous.be\/#website"},"datePublished":"2021-03-26T14:00:05+00:00","dateModified":"2022-02-10T17:00:38+00:00","description":"Julien & Vous, cuisine de qualit\u00e9. Traiteur et commande \u00e0 emporter sur Waterloo et sa p\u00e9riph\u00e9rie. Contactez-moi par t\u00e9l\u00e9phone ou par email.","breadcrumb":{"@id":"https:\/\/www.julienetvous.be\/#breadcrumb"},"inLanguage":"fr-FR","potentialAction":[{"@type":"ReadAction","target":["https:\/\/www.julienetvous.be\/"]}]},{"@type":"BreadcrumbList","@id":"https:\/\/www.julienetvous.be\/#breadcrumb","itemListElement":[{"@type":"ListItem","position":1,"name":"Home","item":"https:\/\/www.julienetvous.be\/"},{"@type":"ListItem","position":2,"name":"Accueil"}]},{"@type":"WebSite","@id":"https:\/\/www.julienetvous.be\/#website","url":"https:\/\/www.julienetvous.be\/","name":"Julien & Vous","description":"Une cuisine de qualit\u00e9","publisher":{"@id":"https:\/\/www.julienetvous.be\/#organization"},"potentialAction":[{"@type":"SearchAction","target":{"@type":"EntryPoint","urlTemplate":"https:\/\/www.julienetvous.be\/?s={search_term_string}"},"query-input":{"@type":"PropertyValueSpecification","valueRequired":true,"valueName":"search_term_string"}}],"inLanguage":"fr-FR"},{"@type":"Organization","@id":"https:\/\/www.julienetvous.be\/#organization","name":"Julien & Vous","url":"https:\/\/www.julienetvous.be\/","logo":{"@type":"ImageObject","inLanguage":"fr-FR","@id":"https:\/\/www.julienetvous.be\/#\/schema\/logo\/image\/","url":"https:\/\/www.julienetvous.be\/wp-content\/uploads\/2021\/03\/logo_julienetvous_Background_Black_V1.png","contentUrl":"https:\/\/www.julienetvous.be\/wp-content\/uploads\/2021\/03\/logo_julienetvous_Background_Black_V1.png","width":401,"height":401,"caption":"Julien & Vous"},"image":{"@id":"https:\/\/www.julienetvous.be\/#\/schema\/logo\/image\/"},"sameAs":["https:\/\/www.facebook.com\/julienetvous.be","https:\/\/www.instagram.com\/julienetvous\/"]}]}},"_links":{"self":[{"href":"https:\/\/www.julienetvous.be\/index.php\/wp-json\/wp\/v2\/pages\/10","targetHints":{"allow":["GET"]}}],"collection":[{"href":"https:\/\/www.julienetvous.be\/index.php\/wp-json\/wp\/v2\/pages"}],"about":[{"href":"https:\/\/www.julienetvous.be\/index.php\/wp-json\/wp\/v2\/types\/page"}],"author":[{"embeddable":true,"href":"https:\/\/www.julienetvous.be\/index.php\/wp-json\/wp\/v2\/users\/2"}],"replies":[{"embeddable":true,"href":"https:\/\/www.julienetvous.be\/index.php\/wp-json\/wp\/v2\/comments?post=10"}],"version-history":[{"count":54,"href":"https:\/\/www.julienetvous.be\/index.php\/wp-json\/wp\/v2\/pages\/10\/revisions"}],"predecessor-version":[{"id":1235,"href":"https:\/\/www.julienetvous.be\/index.php\/wp-json\/wp\/v2\/pages\/10\/revisions\/1235"}],"wp:attachment":[{"href":"https:\/\/www.julienetvous.be\/index.php\/wp-json\/wp\/v2\/media?parent=10"}],"curies":[{"name":"wp","href":"https:\/\/api.w.org\/{rel}","templated":true}]}}